{"id":50790,"date":"2022-07-28T12:18:01","date_gmt":"2022-07-28T11:18:01","guid":{"rendered":"https:\/\/lykosbalkanmetals.com\/?page_id=50790"},"modified":"2022-07-28T12:44:22","modified_gmt":"2022-07-28T11:44:22","slug":"dan-karijere","status":"publish","type":"page","link":"https:\/\/lykosbalkanmetals.com\/en\/dan-karijere\/","title":{"rendered":"Career day"},"content":{"rendered":"<div data-elementor-type=\"wp-page\" data-elementor-id=\"50790\" class=\"elementor elementor-50790\" data-elementor-post-type=\"page\">\n\t\t\t\t\t\t<section class=\"elementor-section elementor-top-section elementor-element elementor-element-63389bc elementor-section-boxed elementor-section-height-default elementor-section-height-default\" data-id=\"63389bc\" data-element_type=\"section\">\n\t\t\t\t\t\t<div class=\"elementor-container elementor-column-gap-wider\">\n\t\t\t\t\t<div class=\"elementor-column elementor-col-50 elementor-top-column elementor-element elementor-element-c568253\" data-id=\"c568253\" data-element_type=\"column\">\n\t\t\t<div class=\"elementor-widget-wrap elementor-element-populated\">\n\t\t\t\t\t\t<div class=\"elementor-element elementor-element-1814d57 elementor-widget elementor-widget-heading\" data-id=\"1814d57\" data-element_type=\"widget\" data-widget_type=\"heading.default\">\n\t\t\t\t<div class=\"elementor-widget-container\">\n\t\t\t<h3 class=\"elementor-heading-title elementor-size-default\">Career Day - September 3, 2022<\/h3>\t\t<\/div>\n\t\t\t\t<\/div>\n\t\t\t\t<div class=\"elementor-element elementor-element-a3051af elementor-widget elementor-widget-spacer\" data-id=\"a3051af\" data-element_type=\"widget\" data-widget_type=\"spacer.default\">\n\t\t\t\t<div class=\"elementor-widget-container\">\n\t\t\t\t\t<div class=\"elementor-spacer\">\n\t\t\t<div class=\"elementor-spacer-inner\"><\/div>\n\t\t<\/div>\n\t\t\t\t<\/div>\n\t\t\t\t<\/div>\n\t\t\t\t<div class=\"elementor-element elementor-element-405405f elementor-widget elementor-widget-text-editor\" data-id=\"405405f\" data-element_type=\"widget\" data-widget_type=\"text-editor.default\">\n\t\t\t\t<div class=\"elementor-widget-container\">\n\t\t\t\t\t\t\t<p class=\" translation-block\">Lykos Balkan Metals is organizing a Career Day on September 3, 2022, at the Administrative Building in Bijeljina. Please confirm your attendance by filling out the application form to secure your participation in this event. For additional information, you can email us at info@lykosmetals.com or call 066\/767-154. Applications for the Career Day are mandatory! See you on September 3rd!<\/p>\t\t\t\t\t\t<\/div>\n\t\t\t\t<\/div>\n\t\t\t\t<div class=\"elementor-element elementor-element-57f3916 elementor-widget elementor-widget-spacer\" data-id=\"57f3916\" data-element_type=\"widget\" data-widget_type=\"spacer.default\">\n\t\t\t\t<div class=\"elementor-widget-container\">\n\t\t\t\t\t<div class=\"elementor-spacer\">\n\t\t\t<div class=\"elementor-spacer-inner\"><\/div>\n\t\t<\/div>\n\t\t\t\t<\/div>\n\t\t\t\t<\/div>\n\t\t\t\t<div class=\"elementor-element elementor-element-df4de83 elementor-widget elementor-widget-image\" data-id=\"df4de83\" data-element_type=\"widget\" data-widget_type=\"image.default\">\n\t\t\t\t<div class=\"elementor-widget-container\">\n\t\t\t\t\t\t\t\t\t\t\t\t\t<img fetchpriority=\"high\" decoding=\"async\" width=\"1000\" height=\"750\" src=\"https:\/\/lykosbalkanmetals.com\/wp-content\/uploads\/2022\/07\/career-day.jpg\" class=\"attachment-large size-large wp-image-50792\" alt=\"\" srcset=\"https:\/\/lykosbalkanmetals.com\/wp-content\/uploads\/2022\/07\/career-day.jpg 1000w, https:\/\/lykosbalkanmetals.com\/wp-content\/uploads\/2022\/07\/career-day-300x225.jpg 300w, https:\/\/lykosbalkanmetals.com\/wp-content\/uploads\/2022\/07\/career-day-768x576.jpg 768w\" sizes=\"(max-width: 1000px) 100vw, 1000px\" \/>\t\t\t\t\t\t\t\t\t\t\t\t\t<\/div>\n\t\t\t\t<\/div>\n\t\t\t\t\t<\/div>\n\t\t<\/div>\n\t\t\t\t<div class=\"elementor-column elementor-col-50 elementor-top-column elementor-element elementor-element-bcd611d\" data-id=\"bcd611d\" data-element_type=\"column\" data-settings=\"{&quot;background_background&quot;:&quot;classic&quot;}\">\n\t\t\t<div class=\"elementor-widget-wrap elementor-element-populated\">\n\t\t\t\t\t\t<div class=\"elementor-element elementor-element-982ba3b elementor-widget elementor-widget-heading\" data-id=\"982ba3b\" data-element_type=\"widget\" data-widget_type=\"heading.default\">\n\t\t\t\t<div class=\"elementor-widget-container\">\n\t\t\t<h4 class=\"elementor-heading-title elementor-size-default\">Application Form<\/h4>\t\t<\/div>\n\t\t\t\t<\/div>\n\t\t\t\t<div class=\"elementor-element elementor-element-76f29a4 elementor-button-align-start elementor-widget elementor-widget-form\" data-id=\"76f29a4\" data-element_type=\"widget\" data-settings=\"{&quot;step_next_label&quot;:&quot;Next&quot;,&quot;step_previous_label&quot;:&quot;Previous&quot;,&quot;button_width&quot;:&quot;100&quot;,&quot;step_type&quot;:&quot;number_text&quot;,&quot;step_icon_shape&quot;:&quot;circle&quot;}\" data-widget_type=\"form.default\">\n\t\t\t\t<div class=\"elementor-widget-container\">\n\t\t\t\t\t<form class=\"elementor-form\" method=\"post\" name=\"Karijera\" action=\"\">\n\t\t\t<input type=\"hidden\" name=\"post_id\" value=\"50790\"\/>\n\t\t\t<input type=\"hidden\" name=\"form_id\" value=\"76f29a4\"\/>\n\t\t\t<input type=\"hidden\" name=\"referer_title\" value=\"Lykos Balkan Metals\" \/>\n\n\t\t\t\n\t\t\t<div class=\"elementor-form-fields-wrapper elementor-labels-above\">\n\t\t\t\t\t\t\t\t<div class=\"elementor-field-type-text elementor-field-group elementor-column elementor-field-group-name elementor-col-100 elementor-field-required\">\n\t\t\t\t\t\t\t\t\t\t\t\t<label for=\"form-field-name\" class=\"elementor-field-label\">\n\t\t\t\t\t\t\t\tFull name\t\t\t\t\t\t\t<\/label>\n\t\t\t\t\t\t\t\t\t\t\t\t\t\t<input size=\"1\" type=\"text\" name=\"form_fields[name]\" id=\"form-field-name\" class=\"elementor-field elementor-size-md  elementor-field-textual\" placeholder=\"Full name\" required=\"required\" aria-required=\"true\">\n\t\t\t\t\t\t\t\t\t\t\t<\/div>\n\t\t\t\t\t\t\t\t<div class=\"elementor-field-type-date elementor-field-group elementor-column elementor-field-group-field_52a6b7e elementor-col-50 elementor-field-required\">\n\t\t\t\t\t\t\t\t\t\t\t\t<label for=\"form-field-field_52a6b7e\" class=\"elementor-field-label\">\n\t\t\t\t\t\t\t\tDate of Birth\t\t\t\t\t\t\t<\/label>\n\t\t\t\t\t\t\n\t\t<input type=\"date\" name=\"form_fields[field_52a6b7e]\" id=\"form-field-field_52a6b7e\" class=\"elementor-field elementor-size-md  elementor-field-textual elementor-date-field\" required=\"required\" aria-required=\"true\" pattern=\"[0-9]{4}-[0-9]{2}-[0-9]{2}\">\n\t\t\t\t\t\t<\/div>\n\t\t\t\t\t\t\t\t<div class=\"elementor-field-type-text elementor-field-group elementor-column elementor-field-group-field_1e9a61c elementor-col-50 elementor-field-required\">\n\t\t\t\t\t\t\t\t\t\t\t\t<label for=\"form-field-field_1e9a61c\" class=\"elementor-field-label\">\n\t\t\t\t\t\t\t\tResidential Address\t\t\t\t\t\t\t<\/label>\n\t\t\t\t\t\t\t\t\t\t\t\t\t\t<input size=\"1\" type=\"text\" name=\"form_fields[field_1e9a61c]\" id=\"form-field-field_1e9a61c\" class=\"elementor-field elementor-size-md  elementor-field-textual\" placeholder=\"Bijeljina\" required=\"required\" aria-required=\"true\">\n\t\t\t\t\t\t\t\t\t\t\t<\/div>\n\t\t\t\t\t\t\t\t<div class=\"elementor-field-type-email elementor-field-group elementor-column elementor-field-group-email elementor-col-100 elementor-field-required\">\n\t\t\t\t\t\t\t\t\t\t\t\t<label for=\"form-field-email\" class=\"elementor-field-label\">\n\t\t\t\t\t\t\t\tEmail\t\t\t\t\t\t\t<\/label>\n\t\t\t\t\t\t\t\t\t\t\t\t\t\t<input size=\"1\" type=\"email\" name=\"form_fields[email]\" id=\"form-field-email\" class=\"elementor-field elementor-size-md  elementor-field-textual\" placeholder=\"Email\" required=\"required\" aria-required=\"true\">\n\t\t\t\t\t\t\t\t\t\t\t<\/div>\n\t\t\t\t\t\t\t\t<div class=\"elementor-field-type-tel elementor-field-group elementor-column elementor-field-group-field_2e1536c elementor-col-100 elementor-field-required\">\n\t\t\t\t\t\t\t\t\t\t\t\t<label for=\"form-field-field_2e1536c\" class=\"elementor-field-label\">\n\t\t\t\t\t\t\t\tPhone Number\t\t\t\t\t\t\t<\/label>\n\t\t\t\t\t\t\t\t<input size=\"1\" type=\"tel\" name=\"form_fields[field_2e1536c]\" id=\"form-field-field_2e1536c\" class=\"elementor-field elementor-size-md  elementor-field-textual\" placeholder=\"+387 65 XXXXXX\" required=\"required\" aria-required=\"true\" pattern=\"[0-9()#&amp;+*-=.]+\" title=\"Only numbers and phone characters (#, -, *, etc) are accepted.\">\n\n\t\t\t\t\t\t<\/div>\n\t\t\t\t\t\t\t\t<div class=\"elementor-field-type-text elementor-field-group elementor-column elementor-field-group-field_e18fa03 elementor-col-100 elementor-field-required\">\n\t\t\t\t\t\t\t\t\t\t\t\t<label for=\"form-field-field_e18fa03\" class=\"elementor-field-label\">\n\t\t\t\t\t\t\t\tEducation \/ Occupation (e.g., Bachelor's Degree in Law)\t\t\t\t\t\t\t<\/label>\n\t\t\t\t\t\t\t\t\t\t\t\t\t\t<input size=\"1\" type=\"text\" name=\"form_fields[field_e18fa03]\" id=\"form-field-field_e18fa03\" class=\"elementor-field elementor-size-md  elementor-field-textual\" placeholder=\"Bachelor&#039;s Degree in Law\" required=\"required\" aria-required=\"true\">\n\t\t\t\t\t\t\t\t\t\t\t<\/div>\n\t\t\t\t\t\t\t\t<div class=\"elementor-field-type-text elementor-field-group elementor-column elementor-field-group-field_c696eb0 elementor-col-100 elementor-field-required\">\n\t\t\t\t\t\t\t\t\t\t\t\t<label for=\"form-field-field_c696eb0\" class=\"elementor-field-label\">\n\t\t\t\t\t\t\t\tArea of Interest\t\t\t\t\t\t\t<\/label>\n\t\t\t\t\t\t\t\t\t\t\t\t\t\t<input size=\"1\" type=\"text\" name=\"form_fields[field_c696eb0]\" id=\"form-field-field_c696eb0\" class=\"elementor-field elementor-size-md  elementor-field-textual\" placeholder=\"Geology\" required=\"required\" aria-required=\"true\">\n\t\t\t\t\t\t\t\t\t\t\t<\/div>\n\t\t\t\t\t\t\t\t<div class=\"elementor-field-type-upload elementor-field-group elementor-column elementor-field-group-field_eafedb6 elementor-col-100\">\n\t\t\t\t\t\t\t\t\t\t\t\t<label for=\"form-field-field_eafedb6\" class=\"elementor-field-label\">\n\t\t\t\t\t\t\t\tCV (Optional)*\t\t\t\t\t\t\t<\/label>\n\t\t\t\t\t\t\t\t<input type=\"file\" name=\"form_fields[field_eafedb6]\" id=\"form-field-field_eafedb6\" class=\"elementor-field elementor-size-md  elementor-upload-field\" data-maxsize=\"2\" data-maxsize-message=\"This file exceeds the maximum allowed size.\">\n\n\t\t\t\t\t\t<\/div>\n\t\t\t\t\t\t\t\t<div class=\"elementor-field-type-html elementor-field-group elementor-column elementor-field-group-field_9849752 elementor-col-100\">\n\t\t\t\t\t<small>Note: Please send your CV in .pdf format, with a maximum file size of 2MB.<\/small>\t\t\t\t<\/div>\n\t\t\t\t\t\t\t\t<div class=\"elementor-field-type-recaptcha_v3 elementor-field-group elementor-column elementor-field-group-field_77ff709 elementor-col-100 recaptcha_v3-bottomright\">\n\t\t\t\t\t<div class=\"elementor-field\" id=\"form-field-field_77ff709\"><div class=\"elementor-g-recaptcha\" data-sitekey=\"6LcYVqofAAAAAMQsyp81SNOo0T7MbgBvmycGDxUq\" data-type=\"v3\" data-action=\"Form\" data-badge=\"bottomright\" data-size=\"invisible\"><\/div><\/div>\t\t\t\t<\/div>\n\t\t\t\t\t\t\t\t<div class=\"elementor-field-group elementor-column elementor-field-type-submit elementor-col-100 e-form__buttons\">\n\t\t\t\t\t<button type=\"submit\" class=\"elementor-button elementor-size-sm\">\n\t\t\t\t\t\t<span >\n\t\t\t\t\t\t\t\t\t\t\t\t\t\t\t<span class=\"elementor-align-icon-left elementor-button-icon\">\n\t\t\t\t\t\t\t\t\t<i aria-hidden=\"true\" class=\"fas fa-file-upload\"><\/i>\t\t\t\t\t\t\t\t\t\t\t\t\t\t\t\t\t<\/span>\n\t\t\t\t\t\t\t\t\t\t\t\t\t\t\t\t\t\t\t\t\t\t<span class=\"elementor-button-text\">SUBMIT<\/span>\n\t\t\t\t\t\t\t\t\t\t\t\t\t<\/span>\n\t\t\t\t\t<\/button>\n\t\t\t\t<\/div>\n\t\t\t<\/div>\n\t\t<input type=\"hidden\" name=\"trp-form-language\" value=\"en\"\/><\/form>\n\t\t\t\t<\/div>\n\t\t\t\t<\/div>\n\t\t\t\t\t<\/div>\n\t\t<\/div>\n\t\t\t\t\t<\/div>\n\t\t<\/section>\n\t\t\t\t<\/div>","protected":false},"excerpt":{"rendered":"<p>Dan Karijere &#8211; 03.09.2022. Kompanija Lykos Balkan Metals organizuje Dan karijere 3. septembra 2022. godine u prostorijama Upravne zgrade u Bijeljini. Molimo Vas da dolazak potvrdite ispunjavanjem obrasca za prijavu i na taj na\u010din osigurate u\u010de\u0161\u0107e na ovom doga\u0111aju. Za dodatne informacije mo\u017eete nam pisati na info@lykosmetals.com ili pozvati 066\/767-154. Prijave za Dan karijere su&hellip;<\/p>","protected":false},"author":1,"featured_media":50792,"parent":0,"menu_order":50,"comment_status":"closed","ping_status":"closed","template":"elementor_header_footer","meta":{"_monsterinsights_skip_tracking":false,"_monsterinsights_sitenote_active":false,"_monsterinsights_sitenote_note":"","_monsterinsights_sitenote_category":0,"footnotes":""},"yoast_head":"<!-- This site is optimized with the Yoast SEO plugin v20.7 - https:\/\/yoast.com\/wordpress\/plugins\/seo\/ -->\n<title>Dan karijere - Lykos Balkan Metals<\/title>\n<meta name=\"robots\" content=\"index, follow, max-snippet:-1, max-image-preview:large, max-video-preview:-1\" \/>\n<link rel=\"canonical\" href=\"https:\/\/lykosbalkanmetals.com\/en\/pages__trashed\/dan-karijere\/\" \/>\n<meta property=\"og:locale\" content=\"en_US\" \/>\n<meta property=\"og:type\" content=\"article\" \/>\n<meta property=\"og:title\" content=\"Dan karijere - Lykos Balkan Metals\" \/>\n<meta property=\"og:description\" content=\"Dan Karijere &#8211; 03.09.2022. Kompanija Lykos Balkan Metals organizuje Dan karijere 3. septembra 2022. godine u prostorijama Upravne zgrade u Bijeljini. Molimo Vas da dolazak potvrdite ispunjavanjem obrasca za prijavu i na taj na\u010din osigurate u\u010de\u0161\u0107e na ovom doga\u0111aju. Za dodatne informacije mo\u017eete nam pisati na info@lykosmetals.com ili pozvati 066\/767-154. Prijave za Dan karijere su&hellip;\" \/>\n<meta property=\"og:url\" content=\"https:\/\/lykosbalkanmetals.com\/en\/pages__trashed\/dan-karijere\/\" \/>\n<meta property=\"og:site_name\" content=\"Lykos Balkan Metals\" \/>\n<meta property=\"article:modified_time\" content=\"2022-07-28T11:44:22+00:00\" \/>\n<meta property=\"og:image\" content=\"https:\/\/lykosbalkanmetals.com\/wp-content\/uploads\/2022\/07\/career-day.jpg\" \/>\n\t<meta property=\"og:image:width\" content=\"1000\" \/>\n\t<meta property=\"og:image:height\" content=\"750\" \/>\n\t<meta property=\"og:image:type\" content=\"image\/jpeg\" \/>\n<meta name=\"twitter:card\" content=\"summary_large_image\" \/>\n<script type=\"application\/ld+json\" class=\"yoast-schema-graph\">{\"@context\":\"https:\/\/schema.org\",\"@graph\":[{\"@type\":\"WebPage\",\"@id\":\"https:\/\/lykosbalkanmetals.com\/pages__trashed\/dan-karijere\/\",\"url\":\"https:\/\/lykosbalkanmetals.com\/pages__trashed\/dan-karijere\/\",\"name\":\"Dan karijere - Lykos Balkan Metals\",\"isPartOf\":{\"@id\":\"https:\/\/lykosbalkanmetals.com\/#website\"},\"datePublished\":\"2022-07-28T11:18:01+00:00\",\"dateModified\":\"2022-07-28T11:44:22+00:00\",\"breadcrumb\":{\"@id\":\"https:\/\/lykosbalkanmetals.com\/pages__trashed\/dan-karijere\/#breadcrumb\"},\"inLanguage\":\"en-US\",\"potentialAction\":[{\"@type\":\"ReadAction\",\"target\":[\"https:\/\/lykosbalkanmetals.com\/pages__trashed\/dan-karijere\/\"]}]},{\"@type\":\"BreadcrumbList\",\"@id\":\"https:\/\/lykosbalkanmetals.com\/pages__trashed\/dan-karijere\/#breadcrumb\",\"itemListElement\":[{\"@type\":\"ListItem\",\"position\":1,\"name\":\"Home\",\"item\":\"https:\/\/lykosbalkanmetals.com\/\"},{\"@type\":\"ListItem\",\"position\":2,\"name\":\"Dan karijere\"}]},{\"@type\":\"WebSite\",\"@id\":\"https:\/\/lykosbalkanmetals.com\/#website\",\"url\":\"https:\/\/lykosbalkanmetals.com\/\",\"name\":\"Lykos Balkan Metals\",\"description\":\"Geolo\u0161ka istra\u017eivanja metala\",\"publisher\":{\"@id\":\"https:\/\/lykosbalkanmetals.com\/#organization\"},\"potentialAction\":[{\"@type\":\"SearchAction\",\"target\":{\"@type\":\"EntryPoint\",\"urlTemplate\":\"https:\/\/lykosbalkanmetals.com\/?s={search_term_string}\"},\"query-input\":\"required name=search_term_string\"}],\"inLanguage\":\"en-US\"},{\"@type\":\"Organization\",\"@id\":\"https:\/\/lykosbalkanmetals.com\/#organization\",\"name\":\"Lykos Balkan Metals\",\"url\":\"https:\/\/lykosbalkanmetals.com\/\",\"logo\":{\"@type\":\"ImageObject\",\"inLanguage\":\"en-US\",\"@id\":\"https:\/\/lykosbalkanmetals.com\/#\/schema\/logo\/image\/\",\"url\":\"https:\/\/lykosbalkanmetals.com\/wp-content\/uploads\/2021\/12\/Asset-3.png\",\"contentUrl\":\"https:\/\/lykosbalkanmetals.com\/wp-content\/uploads\/2021\/12\/Asset-3.png\",\"width\":50,\"height\":51,\"caption\":\"Lykos Balkan Metals\"},\"image\":{\"@id\":\"https:\/\/lykosbalkanmetals.com\/#\/schema\/logo\/image\/\"}}]}<\/script>\n<!-- \/ Yoast SEO plugin. -->","yoast_head_json":{"title":"Dan karijere - Lykos Balkan Metals","robots":{"index":"index","follow":"follow","max-snippet":"max-snippet:-1","max-image-preview":"max-image-preview:large","max-video-preview":"max-video-preview:-1"},"canonical":"https:\/\/lykosbalkanmetals.com\/en\/pages__trashed\/dan-karijere\/","og_locale":"en_US","og_type":"article","og_title":"Dan karijere - Lykos Balkan Metals","og_description":"Dan Karijere &#8211; 03.09.2022. Kompanija Lykos Balkan Metals organizuje Dan karijere 3. septembra 2022. godine u prostorijama Upravne zgrade u Bijeljini. Molimo Vas da dolazak potvrdite ispunjavanjem obrasca za prijavu i na taj na\u010din osigurate u\u010de\u0161\u0107e na ovom doga\u0111aju. Za dodatne informacije mo\u017eete nam pisati na info@lykosmetals.com ili pozvati 066\/767-154. Prijave za Dan karijere su&hellip;","og_url":"https:\/\/lykosbalkanmetals.com\/en\/pages__trashed\/dan-karijere\/","og_site_name":"Lykos Balkan Metals","article_modified_time":"2022-07-28T11:44:22+00:00","og_image":[{"width":1000,"height":750,"url":"https:\/\/lykosbalkanmetals.com\/wp-content\/uploads\/2022\/07\/career-day.jpg","type":"image\/jpeg"}],"twitter_card":"summary_large_image","schema":{"@context":"https:\/\/schema.org","@graph":[{"@type":"WebPage","@id":"https:\/\/lykosbalkanmetals.com\/pages__trashed\/dan-karijere\/","url":"https:\/\/lykosbalkanmetals.com\/pages__trashed\/dan-karijere\/","name":"Dan karijere - Lykos Balkan Metals","isPartOf":{"@id":"https:\/\/lykosbalkanmetals.com\/#website"},"datePublished":"2022-07-28T11:18:01+00:00","dateModified":"2022-07-28T11:44:22+00:00","breadcrumb":{"@id":"https:\/\/lykosbalkanmetals.com\/pages__trashed\/dan-karijere\/#breadcrumb"},"inLanguage":"en-US","potentialAction":[{"@type":"ReadAction","target":["https:\/\/lykosbalkanmetals.com\/pages__trashed\/dan-karijere\/"]}]},{"@type":"BreadcrumbList","@id":"https:\/\/lykosbalkanmetals.com\/pages__trashed\/dan-karijere\/#breadcrumb","itemListElement":[{"@type":"ListItem","position":1,"name":"Home","item":"https:\/\/lykosbalkanmetals.com\/"},{"@type":"ListItem","position":2,"name":"Dan karijere"}]},{"@type":"WebSite","@id":"https:\/\/lykosbalkanmetals.com\/#website","url":"https:\/\/lykosbalkanmetals.com\/","name":"Lykos Balkan Metals","description":"Geolo\u0161ka istra\u017eivanja metala","publisher":{"@id":"https:\/\/lykosbalkanmetals.com\/#organization"},"potentialAction":[{"@type":"SearchAction","target":{"@type":"EntryPoint","urlTemplate":"https:\/\/lykosbalkanmetals.com\/?s={search_term_string}"},"query-input":"required name=search_term_string"}],"inLanguage":"en-US"},{"@type":"Organization","@id":"https:\/\/lykosbalkanmetals.com\/#organization","name":"Lykos Balkan Metals","url":"https:\/\/lykosbalkanmetals.com\/","logo":{"@type":"ImageObject","inLanguage":"en-US","@id":"https:\/\/lykosbalkanmetals.com\/#\/schema\/logo\/image\/","url":"https:\/\/lykosbalkanmetals.com\/wp-content\/uploads\/2021\/12\/Asset-3.png","contentUrl":"https:\/\/lykosbalkanmetals.com\/wp-content\/uploads\/2021\/12\/Asset-3.png","width":50,"height":51,"caption":"Lykos Balkan Metals"},"image":{"@id":"https:\/\/lykosbalkanmetals.com\/#\/schema\/logo\/image\/"}}]}},"_links":{"self":[{"href":"https:\/\/lykosbalkanmetals.com\/en\/wp-json\/wp\/v2\/pages\/50790"}],"collection":[{"href":"https:\/\/lykosbalkanmetals.com\/en\/wp-json\/wp\/v2\/pages"}],"about":[{"href":"https:\/\/lykosbalkanmetals.com\/en\/wp-json\/wp\/v2\/types\/page"}],"author":[{"embeddable":true,"href":"https:\/\/lykosbalkanmetals.com\/en\/wp-json\/wp\/v2\/users\/1"}],"replies":[{"embeddable":true,"href":"https:\/\/lykosbalkanmetals.com\/en\/wp-json\/wp\/v2\/comments?post=50790"}],"version-history":[{"count":13,"href":"https:\/\/lykosbalkanmetals.com\/en\/wp-json\/wp\/v2\/pages\/50790\/revisions"}],"predecessor-version":[{"id":50806,"href":"https:\/\/lykosbalkanmetals.com\/en\/wp-json\/wp\/v2\/pages\/50790\/revisions\/50806"}],"wp:featuredmedia":[{"embeddable":true,"href":"https:\/\/lykosbalkanmetals.com\/en\/wp-json\/wp\/v2\/media\/50792"}],"wp:attachment":[{"href":"https:\/\/lykosbalkanmetals.com\/en\/wp-json\/wp\/v2\/media?parent=50790"}],"curies":[{"name":"wp","href":"https:\/\/api.w.org\/{rel}","templated":true}]}}