{"id":7453,"date":"2020-11-04T17:23:51","date_gmt":"2020-11-04T17:23:51","guid":{"rendered":"https:\/\/the7.io\/elementor-main\/?page_id=7453"},"modified":"2020-11-04T17:23:51","modified_gmt":"2020-11-04T17:23:51","slug":"team","status":"publish","type":"page","link":"https:\/\/lykosbalkanmetals.com\/bs\/team\/","title":{"rendered":"Team"},"content":{"rendered":"\t\t<div data-elementor-type=\"wp-page\" data-elementor-id=\"7453\" class=\"elementor elementor-7453\" data-elementor-post-type=\"page\">\n\t\t\t\t\t\t<section class=\"elementor-section elementor-top-section elementor-element elementor-element-9c779eb elementor-section-boxed elementor-section-height-default elementor-section-height-default\" data-id=\"9c779eb\" data-element_type=\"section\">\n\t\t\t\t\t\t<div class=\"elementor-container elementor-column-gap-wider\">\n\t\t\t\t\t<div class=\"elementor-column elementor-col-100 elementor-top-column elementor-element elementor-element-d412ee4\" data-id=\"d412ee4\" data-element_type=\"column\">\n\t\t\t<div class=\"elementor-widget-wrap elementor-element-populated\">\n\t\t\t\t\t\t<div class=\"elementor-element elementor-element-f2a21b7 elementor-widget elementor-widget-the7_elements\" data-id=\"f2a21b7\" data-element_type=\"widget\" data-widget_type=\"the7_elements.default\">\n\t\t\t\t<div class=\"elementor-widget-container\">\n\t\t\t<div class=\"portfolio-shortcode the7-elementor-widget the7_elements-f2a21b7 mode-grid dt-css-grid-wrap classic-layout-list description-under-image meta-info-off content-bg-on resize-by-browser-width widget-with-filter loading-effect-none jquery-filter\" data-padding=\"30px\" data-mobile-columns-num=\"1\" data-tablet-columns-num=\"2\" data-desktop-columns-num=\"3\" data-wide-desktop-columns-num=\"3\" data-post-limit=\"6\" data-pagination-mode=\"load-more\" data-scroll-offset=\"\"><div class=\"iso-filter filter-decorations css-grid-filter extras-off filter filter-pointer-underline filter-animation-drop-in show-filter-categories  \"><div class=\"filter-categories\" data-default-order=\"\" data-default-orderby=\"\"><a href=\"https:\/\/lykosbalkanmetals.com\/bs\/team\/\" class=\"show-all filter-item act\" data-filter=\"*\">All specialists<\/a><a href=\"https:\/\/lykosbalkanmetals.com\/bs\/team\/?term=konsultantskitim\" class=\"filter-item konsultantskitim\" data-filter=\".category-90\">Konsultantski tim<\/a><a href=\"https:\/\/lykosbalkanmetals.com\/bs\/team\/?term=management\" class=\"filter-item management\" data-filter=\".category-56\">Management<\/a><\/div><\/div><div class=\"dt-css-grid custom-pagination-handler\"><div class=\"visible wf-cell category-90 category-56\" data-post-id=\"50719\" data-date=\"2022-07-14T10:55:36+01:00\" data-name=\"\u017deljko Ri\u010dka\"><article class=\"post visible post-50719 dt_team type-dt_team status-publish has-post-thumbnail hentry dt_team_category-konsultantskitim dt_team_category-management dt_team_category-90 dt_team_category-56 description-off\" data-name=\"\u017deljko Ri\u010dka\" data-date=\"2022-07-14T10:55:36+01:00\">\n\n\t<div class=\"post-thumbnail-wrap rollover-active\">\n\t\t<div class=\"post-thumbnail\">\n\n\t\t\t<a href=\"https:\/\/lykosbalkanmetals.com\/bs\/dt_team\/zeljko-ricka-2\/\" class=\"post-thumbnail-rollover layzr-bg\" aria-label=\"Post image\"><img fetchpriority=\"high\" decoding=\"async\" class=\"preload-me lazy-load\" src=\"data:image\/svg+xml,%3Csvg%20xmlns%3D&#39;http%3A%2F%2Fwww.w3.org%2F2000%2Fsvg&#39;%20viewBox%3D&#39;0%200%20700%20700&#39;%2F%3E\" data-src=\"https:\/\/lykosbalkanmetals.com\/wp-content\/themes\/dt-the7\/images\/noimage.jpg\" data-srcset=\"https:\/\/lykosbalkanmetals.com\/wp-content\/themes\/dt-the7\/images\/noimage.jpg 700w\" alt=\"\"  width=\"700\" height=\"700\"  \/><\/a><div class=\"project-links-container\"><a href=\"https:\/\/lykosbalkanmetals.com\/bs\/dt_team\/zeljko-ricka-2\/\" class=\"project-details\" aria-label=\"Details link\"><span aria-hidden=\"true\" class=\"feather feather-more-horizontal\"><\/span><\/a><\/div>\n\t\t<\/div>\n\t<\/div>\n\n\n<div class=\"post-entry-content\">\n\n\t<h4 class=\"ele-entry-title\"><a href=\"https:\/\/lykosbalkanmetals.com\/bs\/dt_team\/zeljko-ricka-2\/\" title=\"\u017deljko Ri\u010dka\" rel=\"bookmark\">\u017deljko Ri\u010dka<\/a><\/h4><div class=\"entry-excerpt\"><p>Executive Director<\/p>\n<\/div>\n<\/div><\/article><\/div><div class=\"visible wf-cell category-90 category-56\" data-post-id=\"50718\" data-date=\"2022-07-14T10:52:53+01:00\" data-name=\"\u017deljko Ri\u010dka\"><article class=\"post visible post-50718 dt_team type-dt_team status-publish has-post-thumbnail hentry dt_team_category-konsultantskitim dt_team_category-management\" data-name=\"\u017deljko Ri\u010dka\" data-date=\"2022-07-14T10:52:53+01:00\">\n\n\t<div class=\"post-thumbnail-wrap rollover-active\">\n\t\t<div class=\"post-thumbnail\">\n\n\t\t\t<a href=\"https:\/\/lykosbalkanmetals.com\/bs\/dt_team\/zeljko-ricka\/\" class=\"post-thumbnail-rollover layzr-bg\" aria-label=\"Post image\"><img decoding=\"async\" class=\"preload-me lazy-load\" src=\"data:image\/svg+xml,%3Csvg%20xmlns%3D&#39;http%3A%2F%2Fwww.w3.org%2F2000%2Fsvg&#39;%20viewBox%3D&#39;0%200%20768%20768&#39;%2F%3E\" data-src=\"https:\/\/lykosbalkanmetals.com\/wp-content\/uploads\/2021\/10\/woocommerce-placeholder-768x768.png\" data-srcset=\"https:\/\/lykosbalkanmetals.com\/wp-content\/uploads\/2021\/10\/woocommerce-placeholder-768x768.png 768w, https:\/\/lykosbalkanmetals.com\/wp-content\/uploads\/2021\/10\/woocommerce-placeholder-1152x1152.png 1152w\" alt=\"\" title=\"woocommerce-placeholder\" width=\"768\" height=\"768\"  \/><\/a><div class=\"project-links-container\"><a href=\"https:\/\/lykosbalkanmetals.com\/bs\/dt_team\/zeljko-ricka\/\" class=\"project-details\" aria-label=\"Details link\"><span aria-hidden=\"true\" class=\"feather feather-more-horizontal\"><\/span><\/a><\/div>\n\t\t<\/div>\n\t<\/div>\n\n\n<div class=\"post-entry-content\">\n\n\t<h4 class=\"ele-entry-title\"><a href=\"https:\/\/lykosbalkanmetals.com\/bs\/dt_team\/zeljko-ricka\/\" title=\"\u017deljko Ri\u010dka\" rel=\"bookmark\">\u017deljko Ri\u010dka<\/a><\/h4><div class=\"entry-excerpt\"><p>Company Secretary<\/p>\n<\/div>\n<\/div><\/article><\/div><div class=\"visible wf-cell category-90 category-56\" data-post-id=\"50717\" data-date=\"2022-07-14T10:51:16+01:00\" data-name=\"Ognjen Avlija\u0161\"><article class=\"post visible post-50717 dt_team type-dt_team status-publish has-post-thumbnail hentry dt_team_category-konsultantskitim dt_team_category-management\" data-name=\"Ognjen Avlija\u0161\" data-date=\"2022-07-14T10:51:16+01:00\">\n\n\t<div class=\"post-thumbnail-wrap rollover-active\">\n\t\t<div class=\"post-thumbnail\">\n\n\t\t\t<a href=\"https:\/\/lykosbalkanmetals.com\/bs\/dt_team\/ognjen-avlijas\/\" class=\"post-thumbnail-rollover layzr-bg\" aria-label=\"Post image\"><img decoding=\"async\" class=\"preload-me lazy-load\" src=\"data:image\/svg+xml,%3Csvg%20xmlns%3D&#39;http%3A%2F%2Fwww.w3.org%2F2000%2Fsvg&#39;%20viewBox%3D&#39;0%200%20768%20768&#39;%2F%3E\" data-src=\"https:\/\/lykosbalkanmetals.com\/wp-content\/uploads\/2021\/10\/woocommerce-placeholder-768x768.png\" data-srcset=\"https:\/\/lykosbalkanmetals.com\/wp-content\/uploads\/2021\/10\/woocommerce-placeholder-768x768.png 768w, https:\/\/lykosbalkanmetals.com\/wp-content\/uploads\/2021\/10\/woocommerce-placeholder-1152x1152.png 1152w\" alt=\"\" title=\"woocommerce-placeholder\" width=\"768\" height=\"768\"  \/><\/a><div class=\"project-links-container\"><a href=\"https:\/\/lykosbalkanmetals.com\/bs\/dt_team\/ognjen-avlijas\/\" class=\"project-details\" aria-label=\"Details link\"><span aria-hidden=\"true\" class=\"feather feather-more-horizontal\"><\/span><\/a><\/div>\n\t\t<\/div>\n\t<\/div>\n\n\n<div class=\"post-entry-content\">\n\n\t<h4 class=\"ele-entry-title\"><a href=\"https:\/\/lykosbalkanmetals.com\/bs\/dt_team\/ognjen-avlijas\/\" title=\"Ognjen Avlija\u0161\" rel=\"bookmark\">Ognjen Avlija\u0161<\/a><\/h4><div class=\"entry-excerpt\"><p>Company Secretary<\/p>\n<\/div>\n<\/div><\/article><\/div><div class=\"visible wf-cell category-0\" data-post-id=\"49968\" data-date=\"2021-11-25T21:41:15+01:00\" data-name=\"Candice Van Der Plas\"><article class=\"post visible post-49968 dt_team type-dt_team status-publish has-post-thumbnail hentry\" data-name=\"Candice Van Der Plas\" data-date=\"2021-11-25T21:41:15+01:00\">\n\n\t<div class=\"post-thumbnail-wrap rollover-active\">\n\t\t<div class=\"post-thumbnail\">\n\n\t\t\t<a href=\"https:\/\/lykosbalkanmetals.com\/bs\/dt_team\/candice-van-der-plas\/\" class=\"post-thumbnail-rollover layzr-bg\" aria-label=\"Post image\"><img decoding=\"async\" class=\"preload-me lazy-load\" src=\"data:image\/svg+xml,%3Csvg%20xmlns%3D&#39;http%3A%2F%2Fwww.w3.org%2F2000%2Fsvg&#39;%20viewBox%3D&#39;0%200%20768%20768&#39;%2F%3E\" data-src=\"https:\/\/lykosbalkanmetals.com\/wp-content\/uploads\/2021\/10\/woocommerce-placeholder-768x768.png\" data-srcset=\"https:\/\/lykosbalkanmetals.com\/wp-content\/uploads\/2021\/10\/woocommerce-placeholder-768x768.png 768w, https:\/\/lykosbalkanmetals.com\/wp-content\/uploads\/2021\/10\/woocommerce-placeholder-1152x1152.png 1152w\" alt=\"\" title=\"woocommerce-placeholder\" width=\"768\" height=\"768\"  \/><\/a><div class=\"project-links-container\"><a href=\"https:\/\/lykosbalkanmetals.com\/bs\/dt_team\/candice-van-der-plas\/\" class=\"project-details\" aria-label=\"Details link\"><span aria-hidden=\"true\" class=\"feather feather-more-horizontal\"><\/span><\/a><\/div>\n\t\t<\/div>\n\t<\/div>\n\n\n<div class=\"post-entry-content\">\n\n\t<h4 class=\"ele-entry-title\"><a href=\"https:\/\/lykosbalkanmetals.com\/bs\/dt_team\/candice-van-der-plas\/\" title=\"Candice Van Der Plas\" rel=\"bookmark\">Candice Van Der Plas<\/a><\/h4><div class=\"entry-excerpt\"><p>Company Secretary<\/p>\n<\/div>\n<\/div><\/article><\/div><div class=\"visible wf-cell category-0\" data-post-id=\"49821\" data-date=\"2021-10-20T21:38:00+01:00\" data-name=\"Matthew Worner\"><article class=\"post visible post-49821 dt_team type-dt_team status-publish has-post-thumbnail hentry\" data-name=\"Matthew Worner\" data-date=\"2021-10-20T21:38:00+01:00\">\n\n\t<div class=\"post-thumbnail-wrap rollover-active\">\n\t\t<div class=\"post-thumbnail\">\n\n\t\t\t<a href=\"https:\/\/lykosbalkanmetals.com\/bs\/dt_team\/matthew-worner\/\" class=\"post-thumbnail-rollover layzr-bg\" aria-label=\"Post image\"><img fetchpriority=\"high\" decoding=\"async\" class=\"preload-me lazy-load\" src=\"data:image\/svg+xml,%3Csvg%20xmlns%3D&#39;http%3A%2F%2Fwww.w3.org%2F2000%2Fsvg&#39;%20viewBox%3D&#39;0%200%20700%20700&#39;%2F%3E\" data-src=\"https:\/\/lykosbalkanmetals.com\/wp-content\/themes\/dt-the7\/images\/noimage.jpg\" data-srcset=\"https:\/\/lykosbalkanmetals.com\/wp-content\/themes\/dt-the7\/images\/noimage.jpg 700w\" alt=\"\"  width=\"700\" height=\"700\"  \/><\/a><div class=\"project-links-container\"><a href=\"https:\/\/lykosbalkanmetals.com\/bs\/dt_team\/matthew-worner\/\" class=\"project-details\" aria-label=\"Details link\"><span aria-hidden=\"true\" class=\"feather feather-more-horizontal\"><\/span><\/a><\/div>\n\t\t<\/div>\n\t<\/div>\n\n\n<div class=\"post-entry-content\">\n\n\t<h4 class=\"ele-entry-title\"><a href=\"https:\/\/lykosbalkanmetals.com\/bs\/dt_team\/matthew-worner\/\" title=\"Matthew Worner\" rel=\"bookmark\">Matthew Worner<\/a><\/h4><div class=\"entry-excerpt\"><p>Non-executive Chairman<\/p>\n<\/div>\n<\/div><\/article><\/div><div class=\"visible wf-cell category-0\" data-post-id=\"49818\" data-date=\"2021-10-20T21:36:35+01:00\" data-name=\"Milo\u0161 Bo\u0161njakovi\u0107\"><article class=\"post visible post-49818 dt_team type-dt_team status-publish has-post-thumbnail hentry\" data-name=\"Milo\u0161 Bo\u0161njakovi\u0107\" data-date=\"2021-10-20T21:36:35+01:00\">\n\n\t<div class=\"post-thumbnail-wrap rollover-active\">\n\t\t<div class=\"post-thumbnail\">\n\n\t\t\t<a href=\"https:\/\/lykosbalkanmetals.com\/bs\/dt_team\/milos-bosnjakovic\/\" class=\"post-thumbnail-rollover layzr-bg\" aria-label=\"Post image\"><img fetchpriority=\"high\" decoding=\"async\" class=\"preload-me lazy-load\" src=\"data:image\/svg+xml,%3Csvg%20xmlns%3D&#39;http%3A%2F%2Fwww.w3.org%2F2000%2Fsvg&#39;%20viewBox%3D&#39;0%200%20700%20700&#39;%2F%3E\" data-src=\"https:\/\/lykosbalkanmetals.com\/wp-content\/themes\/dt-the7\/images\/noimage.jpg\" data-srcset=\"https:\/\/lykosbalkanmetals.com\/wp-content\/themes\/dt-the7\/images\/noimage.jpg 700w\" alt=\"\"  width=\"700\" height=\"700\"  \/><\/a><div class=\"project-links-container\"><a href=\"https:\/\/lykosbalkanmetals.com\/bs\/dt_team\/milos-bosnjakovic\/\" class=\"project-details\" aria-label=\"Details link\"><span aria-hidden=\"true\" class=\"feather feather-more-horizontal\"><\/span><\/a><\/div>\n\t\t<\/div>\n\t<\/div>\n\n\n<div class=\"post-entry-content\">\n\n\t<h4 class=\"ele-entry-title\"><a href=\"https:\/\/lykosbalkanmetals.com\/bs\/dt_team\/milos-bosnjakovic\/\" title=\"Milo\u0161 Bo\u0161njakovi\u0107\" rel=\"bookmark\">Milo\u0161 Bo\u0161njakovi\u0107<\/a><\/h4><div class=\"entry-excerpt\"><p>Executive Director<\/p>\n<\/div>\n<\/div><\/article><\/div><div class=\"hidden wf-cell category-0\" data-post-id=\"49795\" data-date=\"2021-10-20T21:25:31+01:00\" data-name=\"Mladen Stevanovi\u0107\"><article class=\"post visible post-49795 dt_team type-dt_team status-publish has-post-thumbnail hentry\" data-name=\"Mladen Stevanovi\u0107\" data-date=\"2021-10-20T21:25:31+01:00\">\n\n\t<div class=\"post-thumbnail-wrap rollover-active\">\n\t\t<div class=\"post-thumbnail\">\n\n\t\t\t<a href=\"https:\/\/lykosbalkanmetals.com\/bs\/dt_team\/mladen-stevanovic\/\" class=\"post-thumbnail-rollover layzr-bg\" aria-label=\"Post image\"><img fetchpriority=\"high\" decoding=\"async\" class=\"preload-me lazy-load\" src=\"data:image\/svg+xml,%3Csvg%20xmlns%3D&#39;http%3A%2F%2Fwww.w3.org%2F2000%2Fsvg&#39;%20viewBox%3D&#39;0%200%20700%20700&#39;%2F%3E\" data-src=\"https:\/\/lykosbalkanmetals.com\/wp-content\/themes\/dt-the7\/images\/noimage.jpg\" data-srcset=\"https:\/\/lykosbalkanmetals.com\/wp-content\/themes\/dt-the7\/images\/noimage.jpg 700w\" alt=\"\"  width=\"700\" height=\"700\"  \/><\/a><div class=\"project-links-container\"><a href=\"https:\/\/lykosbalkanmetals.com\/bs\/dt_team\/mladen-stevanovic\/\" class=\"project-details\" aria-label=\"Details link\"><span aria-hidden=\"true\" class=\"feather feather-more-horizontal\"><\/span><\/a><\/div>\n\t\t<\/div>\n\t<\/div>\n\n\n<div class=\"post-entry-content\">\n\n\t<h4 class=\"ele-entry-title\"><a href=\"https:\/\/lykosbalkanmetals.com\/bs\/dt_team\/mladen-stevanovic\/\" title=\"Mladen Stevanovi\u0107\" rel=\"bookmark\">Mladen Stevanovi\u0107<\/a><\/h4><div class=\"entry-excerpt\"><p>Managing Director<\/p>\n<\/div>\n<\/div><\/article><\/div><\/div><!-- iso-container|iso-grid --><div class=\"paginator filter-decorations paginator-more-button filter-pointer-framed\">\n\t\t\t\t<a class=\"button-load-more highlighted filter-item\" href=\"javascript:void(0);\" data-dt-page=\"1\" ><span class=\"button-caption\">Show more<\/span><i aria-hidden=\"true\" class=\"feather feather-more-horizontal\"><\/i><\/a>\n\t\t\t<\/div><\/div>\t\t<\/div>\n\t\t\t\t<\/div>\n\t\t\t\t\t<\/div>\n\t\t<\/div>\n\t\t\t\t\t<\/div>\n\t\t<\/section>\n\t\t\t\t<\/div>\n\t\t","protected":false},"excerpt":{"rendered":"<p>All specialistsManagementStaff Richard Redwood Executive Director John Swift CEO Janet Green Account Manager John Anderson Creative Director Sofia Remmington Accountant Tiffany White Marketing Manager William Lee Financial Director Alexa Brown Executive Director Helen Miller Project Manager Show more<\/p>\n","protected":false},"author":1,"featured_media":0,"parent":0,"menu_order":20,"comment_status":"closed","ping_status":"closed","template":"elementor_header_footer","meta":{"_monsterinsights_skip_tracking":false,"_monsterinsights_sitenote_active":false,"_monsterinsights_sitenote_note":"","_monsterinsights_sitenote_category":0,"footnotes":""},"yoast_head":"<!-- This site is optimized with the Yoast SEO plugin v20.7 - https:\/\/yoast.com\/wordpress\/plugins\/seo\/ -->\n<title>Team - Lykos Balkan Metals<\/title>\n<meta name=\"robots\" content=\"index, follow, max-snippet:-1, max-image-preview:large, max-video-preview:-1\" \/>\n<link rel=\"canonical\" href=\"https:\/\/lykosbalkanmetals.com\/bs\/pages__trashed\/team\/\" \/>\n<meta property=\"og:locale\" content=\"bs_BA\" \/>\n<meta property=\"og:type\" content=\"article\" \/>\n<meta property=\"og:title\" content=\"Team - Lykos Balkan Metals\" \/>\n<meta property=\"og:description\" content=\"All specialistsManagementStaff Richard Redwood Executive Director John Swift CEO Janet Green Account Manager John Anderson Creative Director Sofia Remmington Accountant Tiffany White Marketing Manager William Lee Financial Director Alexa Brown Executive Director Helen Miller Project Manager Show more\" \/>\n<meta property=\"og:url\" content=\"https:\/\/lykosbalkanmetals.com\/bs\/pages__trashed\/team\/\" \/>\n<meta property=\"og:site_name\" content=\"Lykos Balkan Metals\" \/>\n<meta name=\"twitter:card\" content=\"summary_large_image\" \/>\n<script type=\"application\/ld+json\" class=\"yoast-schema-graph\">{\"@context\":\"https:\/\/schema.org\",\"@graph\":[{\"@type\":\"WebPage\",\"@id\":\"https:\/\/lykosbalkanmetals.com\/pages__trashed\/team\/\",\"url\":\"https:\/\/lykosbalkanmetals.com\/pages__trashed\/team\/\",\"name\":\"Team - Lykos Balkan Metals\",\"isPartOf\":{\"@id\":\"https:\/\/lykosbalkanmetals.com\/#website\"},\"datePublished\":\"2020-11-04T17:23:51+00:00\",\"dateModified\":\"2020-11-04T17:23:51+00:00\",\"breadcrumb\":{\"@id\":\"https:\/\/lykosbalkanmetals.com\/pages__trashed\/team\/#breadcrumb\"},\"inLanguage\":\"bs-BA\",\"potentialAction\":[{\"@type\":\"ReadAction\",\"target\":[\"https:\/\/lykosbalkanmetals.com\/pages__trashed\/team\/\"]}]},{\"@type\":\"BreadcrumbList\",\"@id\":\"https:\/\/lykosbalkanmetals.com\/pages__trashed\/team\/#breadcrumb\",\"itemListElement\":[{\"@type\":\"ListItem\",\"position\":1,\"name\":\"Home\",\"item\":\"https:\/\/lykosbalkanmetals.com\/\"},{\"@type\":\"ListItem\",\"position\":2,\"name\":\"Team\"}]},{\"@type\":\"WebSite\",\"@id\":\"https:\/\/lykosbalkanmetals.com\/#website\",\"url\":\"https:\/\/lykosbalkanmetals.com\/\",\"name\":\"Lykos Balkan Metals\",\"description\":\"Geolo\u0161ka istra\u017eivanja metala\",\"publisher\":{\"@id\":\"https:\/\/lykosbalkanmetals.com\/#organization\"},\"potentialAction\":[{\"@type\":\"SearchAction\",\"target\":{\"@type\":\"EntryPoint\",\"urlTemplate\":\"https:\/\/lykosbalkanmetals.com\/?s={search_term_string}\"},\"query-input\":\"required name=search_term_string\"}],\"inLanguage\":\"bs-BA\"},{\"@type\":\"Organization\",\"@id\":\"https:\/\/lykosbalkanmetals.com\/#organization\",\"name\":\"Lykos Balkan Metals\",\"url\":\"https:\/\/lykosbalkanmetals.com\/\",\"logo\":{\"@type\":\"ImageObject\",\"inLanguage\":\"bs-BA\",\"@id\":\"https:\/\/lykosbalkanmetals.com\/#\/schema\/logo\/image\/\",\"url\":\"https:\/\/lykosbalkanmetals.com\/wp-content\/uploads\/2021\/12\/Asset-3.png\",\"contentUrl\":\"https:\/\/lykosbalkanmetals.com\/wp-content\/uploads\/2021\/12\/Asset-3.png\",\"width\":50,\"height\":51,\"caption\":\"Lykos Balkan Metals\"},\"image\":{\"@id\":\"https:\/\/lykosbalkanmetals.com\/#\/schema\/logo\/image\/\"}}]}<\/script>\n<!-- \/ Yoast SEO plugin. -->","yoast_head_json":{"title":"Team - Lykos Balkan Metals","robots":{"index":"index","follow":"follow","max-snippet":"max-snippet:-1","max-image-preview":"max-image-preview:large","max-video-preview":"max-video-preview:-1"},"canonical":"https:\/\/lykosbalkanmetals.com\/bs\/pages__trashed\/team\/","og_locale":"bs_BA","og_type":"article","og_title":"Team - Lykos Balkan Metals","og_description":"All specialistsManagementStaff Richard Redwood Executive Director John Swift CEO Janet Green Account Manager John Anderson Creative Director Sofia Remmington Accountant Tiffany White Marketing Manager William Lee Financial Director Alexa Brown Executive Director Helen Miller Project Manager Show more","og_url":"https:\/\/lykosbalkanmetals.com\/bs\/pages__trashed\/team\/","og_site_name":"Lykos Balkan Metals","twitter_card":"summary_large_image","schema":{"@context":"https:\/\/schema.org","@graph":[{"@type":"WebPage","@id":"https:\/\/lykosbalkanmetals.com\/pages__trashed\/team\/","url":"https:\/\/lykosbalkanmetals.com\/pages__trashed\/team\/","name":"Team - Lykos Balkan Metals","isPartOf":{"@id":"https:\/\/lykosbalkanmetals.com\/#website"},"datePublished":"2020-11-04T17:23:51+00:00","dateModified":"2020-11-04T17:23:51+00:00","breadcrumb":{"@id":"https:\/\/lykosbalkanmetals.com\/pages__trashed\/team\/#breadcrumb"},"inLanguage":"bs-BA","potentialAction":[{"@type":"ReadAction","target":["https:\/\/lykosbalkanmetals.com\/pages__trashed\/team\/"]}]},{"@type":"BreadcrumbList","@id":"https:\/\/lykosbalkanmetals.com\/pages__trashed\/team\/#breadcrumb","itemListElement":[{"@type":"ListItem","position":1,"name":"Home","item":"https:\/\/lykosbalkanmetals.com\/"},{"@type":"ListItem","position":2,"name":"Team"}]},{"@type":"WebSite","@id":"https:\/\/lykosbalkanmetals.com\/#website","url":"https:\/\/lykosbalkanmetals.com\/","name":"Lykos Balkan Metals","description":"Geolo\u0161ka istra\u017eivanja metala","publisher":{"@id":"https:\/\/lykosbalkanmetals.com\/#organization"},"potentialAction":[{"@type":"SearchAction","target":{"@type":"EntryPoint","urlTemplate":"https:\/\/lykosbalkanmetals.com\/?s={search_term_string}"},"query-input":"required name=search_term_string"}],"inLanguage":"bs-BA"},{"@type":"Organization","@id":"https:\/\/lykosbalkanmetals.com\/#organization","name":"Lykos Balkan Metals","url":"https:\/\/lykosbalkanmetals.com\/","logo":{"@type":"ImageObject","inLanguage":"bs-BA","@id":"https:\/\/lykosbalkanmetals.com\/#\/schema\/logo\/image\/","url":"https:\/\/lykosbalkanmetals.com\/wp-content\/uploads\/2021\/12\/Asset-3.png","contentUrl":"https:\/\/lykosbalkanmetals.com\/wp-content\/uploads\/2021\/12\/Asset-3.png","width":50,"height":51,"caption":"Lykos Balkan Metals"},"image":{"@id":"https:\/\/lykosbalkanmetals.com\/#\/schema\/logo\/image\/"}}]}},"_links":{"self":[{"href":"https:\/\/lykosbalkanmetals.com\/bs\/wp-json\/wp\/v2\/pages\/7453"}],"collection":[{"href":"https:\/\/lykosbalkanmetals.com\/bs\/wp-json\/wp\/v2\/pages"}],"about":[{"href":"https:\/\/lykosbalkanmetals.com\/bs\/wp-json\/wp\/v2\/types\/page"}],"author":[{"embeddable":true,"href":"https:\/\/lykosbalkanmetals.com\/bs\/wp-json\/wp\/v2\/users\/1"}],"replies":[{"embeddable":true,"href":"https:\/\/lykosbalkanmetals.com\/bs\/wp-json\/wp\/v2\/comments?post=7453"}],"version-history":[{"count":0,"href":"https:\/\/lykosbalkanmetals.com\/bs\/wp-json\/wp\/v2\/pages\/7453\/revisions"}],"wp:attachment":[{"href":"https:\/\/lykosbalkanmetals.com\/bs\/wp-json\/wp\/v2\/media?parent=7453"}],"curies":[{"name":"wp","href":"https:\/\/api.w.org\/{rel}","templated":true}]}}