{"id":50777,"date":"2022-07-28T09:40:30","date_gmt":"2022-07-28T08:40:30","guid":{"rendered":"https:\/\/lykosbalkanmetals.com\/?page_id=50777"},"modified":"2022-09-30T11:01:45","modified_gmt":"2022-09-30T10:01:45","slug":"savjetodavni-odbor","status":"publish","type":"page","link":"https:\/\/lykosbalkanmetals.com\/bs\/team\/savjetodavni-odbor\/","title":{"rendered":"Savjetodavni odbor"},"content":{"rendered":"\t\t<div data-elementor-type=\"wp-page\" data-elementor-id=\"50777\" class=\"elementor elementor-50777\" data-elementor-post-type=\"page\">\n\t\t\t\t\t\t<section class=\"elementor-section elementor-top-section elementor-element elementor-element-c2bf5d0 elementor-section-boxed elementor-section-height-default elementor-section-height-default\" data-id=\"c2bf5d0\" data-element_type=\"section\">\n\t\t\t\t\t\t<div class=\"elementor-container elementor-column-gap-wider\">\n\t\t\t\t\t<div class=\"elementor-column elementor-col-100 elementor-top-column elementor-element elementor-element-8816a50\" data-id=\"8816a50\" data-element_type=\"column\">\n\t\t\t<div class=\"elementor-widget-wrap elementor-element-populated\">\n\t\t\t\t\t\t<div class=\"elementor-element elementor-element-cf355f9 elementor-widget elementor-widget-heading\" data-id=\"cf355f9\" data-element_type=\"widget\" data-widget_type=\"heading.default\">\n\t\t\t\t<div class=\"elementor-widget-container\">\n\t\t\t<h3 class=\"elementor-heading-title elementor-size-default\">Savjetodavni odbor<\/h3>\t\t<\/div>\n\t\t\t\t<\/div>\n\t\t\t\t<div class=\"elementor-element elementor-element-cca15f8 elementor-widget-divider--view-line elementor-widget elementor-widget-divider\" data-id=\"cca15f8\" data-element_type=\"widget\" data-widget_type=\"divider.default\">\n\t\t\t\t<div class=\"elementor-widget-container\">\n\t\t\t\t\t<div class=\"elementor-divider\">\n\t\t\t<span class=\"elementor-divider-separator\">\n\t\t\t\t\t\t<\/span>\n\t\t<\/div>\n\t\t\t\t<\/div>\n\t\t\t\t<\/div>\n\t\t\t\t<section class=\"elementor-section elementor-inner-section elementor-element elementor-element-c6bffb6 elementor-section-boxed elementor-section-height-default elementor-section-height-default\" data-id=\"c6bffb6\" data-element_type=\"section\">\n\t\t\t\t\t\t<div class=\"elementor-container elementor-column-gap-default\">\n\t\t\t\t\t<div class=\"elementor-column elementor-col-33 elementor-inner-column elementor-element elementor-element-1425243\" data-id=\"1425243\" data-element_type=\"column\">\n\t\t\t<div class=\"elementor-widget-wrap elementor-element-populated\">\n\t\t\t\t\t\t<div class=\"elementor-element elementor-element-9055928 elementor-position-left elementor-vertical-align-middle elementor-widget elementor-widget-image-box\" data-id=\"9055928\" data-element_type=\"widget\" data-widget_type=\"image-box.default\">\n\t\t\t\t<div class=\"elementor-widget-container\">\n\t\t\t<div class=\"elementor-image-box-wrapper\"><figure class=\"elementor-image-box-img\"><img decoding=\"async\" src=\"https:\/\/lykosbalkanmetals.com\/wp-content\/uploads\/2022\/09\/Ognjen-Avlijas-300x400.jpg\" title=\"Ognjen Avlija\u0161\" alt=\"Ognjen Avlija\u0161\" loading=\"lazy\" \/><\/figure><div class=\"elementor-image-box-content\"><h4 class=\"elementor-image-box-title\">Ognjen Avlija\u0161<\/h4><p class=\"elementor-image-box-description\">Konsultant za pravna pitanja<\/p><\/div><\/div>\t\t<\/div>\n\t\t\t\t<\/div>\n\t\t\t\t\t<\/div>\n\t\t<\/div>\n\t\t\t\t<div class=\"elementor-column elementor-col-33 elementor-inner-column elementor-element elementor-element-9337adc\" data-id=\"9337adc\" data-element_type=\"column\">\n\t\t\t<div class=\"elementor-widget-wrap elementor-element-populated\">\n\t\t\t\t\t\t<div class=\"elementor-element elementor-element-9144efe elementor-position-left elementor-vertical-align-middle elementor-widget elementor-widget-image-box\" data-id=\"9144efe\" data-element_type=\"widget\" data-widget_type=\"image-box.default\">\n\t\t\t\t<div class=\"elementor-widget-container\">\n\t\t\t<div class=\"elementor-image-box-wrapper\"><figure class=\"elementor-image-box-img\"><img fetchpriority=\"high\" decoding=\"async\" width=\"563\" height=\"801\" src=\"https:\/\/lykosbalkanmetals.com\/wp-content\/uploads\/2022\/09\/Milanko-Jevic.jpg\" class=\"attachment-1536x1536 size-1536x1536 wp-image-51166\" alt=\"\" srcset=\"https:\/\/lykosbalkanmetals.com\/wp-content\/uploads\/2022\/09\/Milanko-Jevic.jpg 563w, https:\/\/lykosbalkanmetals.com\/wp-content\/uploads\/2022\/09\/Milanko-Jevic-211x300.jpg 211w\" sizes=\"(max-width: 563px) 100vw, 563px\" \/><\/figure><div class=\"elementor-image-box-content\"><h4 class=\"elementor-image-box-title\">Milanko Jevi\u0107<\/h4><p class=\"elementor-image-box-description\">Konsultant za pitanja ljudskih resursa<\/p><\/div><\/div>\t\t<\/div>\n\t\t\t\t<\/div>\n\t\t\t\t\t<\/div>\n\t\t<\/div>\n\t\t\t\t<div class=\"elementor-column elementor-col-33 elementor-inner-column elementor-element elementor-element-371a916\" data-id=\"371a916\" data-element_type=\"column\">\n\t\t\t<div class=\"elementor-widget-wrap elementor-element-populated\">\n\t\t\t\t\t\t<div class=\"elementor-element elementor-element-7d4d6c6 elementor-position-left elementor-vertical-align-middle elementor-widget elementor-widget-image-box\" data-id=\"7d4d6c6\" data-element_type=\"widget\" data-widget_type=\"image-box.default\">\n\t\t\t\t<div class=\"elementor-widget-container\">\n\t\t\t<div class=\"elementor-image-box-wrapper\"><figure class=\"elementor-image-box-img\"><img decoding=\"async\" src=\"https:\/\/lykosbalkanmetals.com\/wp-content\/uploads\/2022\/09\/Zeljko-Ricka-300x400.jpg\" title=\"\" alt=\"\" loading=\"lazy\" \/><\/figure><div class=\"elementor-image-box-content\"><h4 class=\"elementor-image-box-title\">\u017deljko Ri\u010dka<\/h4><p class=\"elementor-image-box-description\">Konsultant za finansijska pitanja<\/p><\/div><\/div>\t\t<\/div>\n\t\t\t\t<\/div>\n\t\t\t\t\t<\/div>\n\t\t<\/div>\n\t\t\t\t\t<\/div>\n\t\t<\/section>\n\t\t\t\t\t<\/div>\n\t\t<\/div>\n\t\t\t\t\t<\/div>\n\t\t<\/section>\n\t\t\t\t<\/div>\n\t\t","protected":false},"excerpt":{"rendered":"<p>Savjetodavni odbor Ognjen Avlija\u0161 Konsultant za pravna pitanja Milanko Jevi\u0107 Konsultant za pitanja ljudskih resursa \u017deljko Ri\u010dka Konsultant za finansijska pitanja<\/p>\n","protected":false},"author":1,"featured_media":50231,"parent":7453,"menu_order":30,"comment_status":"closed","ping_status":"closed","template":"elementor_header_footer","meta":{"_monsterinsights_skip_tracking":false,"_monsterinsights_sitenote_active":false,"_monsterinsights_sitenote_note":"","_monsterinsights_sitenote_category":0,"footnotes":""},"yoast_head":"<!-- This site is optimized with the Yoast SEO plugin v20.7 - https:\/\/yoast.com\/wordpress\/plugins\/seo\/ -->\n<title>Savjetodavni odbor - Lykos Balkan Metals<\/title>\n<meta name=\"robots\" content=\"index, follow, max-snippet:-1, max-image-preview:large, max-video-preview:-1\" \/>\n<link rel=\"canonical\" href=\"https:\/\/lykosbalkanmetals.com\/bs\/pages__trashed\/team\/savjetodavni-odbor\/\" \/>\n<meta property=\"og:locale\" content=\"bs_BA\" \/>\n<meta property=\"og:type\" content=\"article\" \/>\n<meta property=\"og:title\" content=\"Savjetodavni odbor - Lykos Balkan Metals\" \/>\n<meta property=\"og:description\" content=\"Savjetodavni odbor Ognjen Avlija\u0161 Konsultant za pravna pitanja Milanko Jevi\u0107 Konsultant za pitanja ljudskih resursa \u017deljko Ri\u010dka Konsultant za finansijska pitanja\" \/>\n<meta property=\"og:url\" content=\"https:\/\/lykosbalkanmetals.com\/bs\/pages__trashed\/team\/savjetodavni-odbor\/\" \/>\n<meta property=\"og:site_name\" content=\"Lykos Balkan Metals\" \/>\n<meta property=\"article:modified_time\" content=\"2022-09-30T10:01:45+00:00\" \/>\n<meta property=\"og:image\" content=\"https:\/\/lykosbalkanmetals.com\/wp-content\/uploads\/2021\/12\/asian-businessmen-businesswomen-meeting-brainstorming-ideas-about-creative-web-design-planning-application-develop1111.jpg\" \/>\n\t<meta property=\"og:image:width\" content=\"1920\" \/>\n\t<meta property=\"og:image:height\" content=\"1080\" \/>\n\t<meta property=\"og:image:type\" content=\"image\/jpeg\" \/>\n<meta name=\"twitter:card\" content=\"summary_large_image\" \/>\n<script type=\"application\/ld+json\" class=\"yoast-schema-graph\">{\"@context\":\"https:\/\/schema.org\",\"@graph\":[{\"@type\":\"WebPage\",\"@id\":\"https:\/\/lykosbalkanmetals.com\/pages__trashed\/team\/savjetodavni-odbor\/\",\"url\":\"https:\/\/lykosbalkanmetals.com\/pages__trashed\/team\/savjetodavni-odbor\/\",\"name\":\"Savjetodavni odbor - Lykos Balkan Metals\",\"isPartOf\":{\"@id\":\"https:\/\/lykosbalkanmetals.com\/#website\"},\"datePublished\":\"2022-07-28T08:40:30+00:00\",\"dateModified\":\"2022-09-30T10:01:45+00:00\",\"breadcrumb\":{\"@id\":\"https:\/\/lykosbalkanmetals.com\/pages__trashed\/team\/savjetodavni-odbor\/#breadcrumb\"},\"inLanguage\":\"bs-BA\",\"potentialAction\":[{\"@type\":\"ReadAction\",\"target\":[\"https:\/\/lykosbalkanmetals.com\/pages__trashed\/team\/savjetodavni-odbor\/\"]}]},{\"@type\":\"BreadcrumbList\",\"@id\":\"https:\/\/lykosbalkanmetals.com\/pages__trashed\/team\/savjetodavni-odbor\/#breadcrumb\",\"itemListElement\":[{\"@type\":\"ListItem\",\"position\":1,\"name\":\"Home\",\"item\":\"https:\/\/lykosbalkanmetals.com\/\"},{\"@type\":\"ListItem\",\"position\":2,\"name\":\"Team\",\"item\":\"https:\/\/lykosbalkanmetals.com\/pages__trashed\/team\/\"},{\"@type\":\"ListItem\",\"position\":3,\"name\":\"Savjetodavni odbor\"}]},{\"@type\":\"WebSite\",\"@id\":\"https:\/\/lykosbalkanmetals.com\/#website\",\"url\":\"https:\/\/lykosbalkanmetals.com\/\",\"name\":\"Lykos Balkan Metals\",\"description\":\"Geolo\u0161ka istra\u017eivanja metala\",\"publisher\":{\"@id\":\"https:\/\/lykosbalkanmetals.com\/#organization\"},\"potentialAction\":[{\"@type\":\"SearchAction\",\"target\":{\"@type\":\"EntryPoint\",\"urlTemplate\":\"https:\/\/lykosbalkanmetals.com\/?s={search_term_string}\"},\"query-input\":\"required name=search_term_string\"}],\"inLanguage\":\"bs-BA\"},{\"@type\":\"Organization\",\"@id\":\"https:\/\/lykosbalkanmetals.com\/#organization\",\"name\":\"Lykos Balkan Metals\",\"url\":\"https:\/\/lykosbalkanmetals.com\/\",\"logo\":{\"@type\":\"ImageObject\",\"inLanguage\":\"bs-BA\",\"@id\":\"https:\/\/lykosbalkanmetals.com\/#\/schema\/logo\/image\/\",\"url\":\"https:\/\/lykosbalkanmetals.com\/wp-content\/uploads\/2021\/12\/Asset-3.png\",\"contentUrl\":\"https:\/\/lykosbalkanmetals.com\/wp-content\/uploads\/2021\/12\/Asset-3.png\",\"width\":50,\"height\":51,\"caption\":\"Lykos Balkan Metals\"},\"image\":{\"@id\":\"https:\/\/lykosbalkanmetals.com\/#\/schema\/logo\/image\/\"}}]}<\/script>\n<!-- \/ Yoast SEO plugin. -->","yoast_head_json":{"title":"Savjetodavni odbor - Lykos Balkan Metals","robots":{"index":"index","follow":"follow","max-snippet":"max-snippet:-1","max-image-preview":"max-image-preview:large","max-video-preview":"max-video-preview:-1"},"canonical":"https:\/\/lykosbalkanmetals.com\/bs\/pages__trashed\/team\/savjetodavni-odbor\/","og_locale":"bs_BA","og_type":"article","og_title":"Savjetodavni odbor - Lykos Balkan Metals","og_description":"Savjetodavni odbor Ognjen Avlija\u0161 Konsultant za pravna pitanja Milanko Jevi\u0107 Konsultant za pitanja ljudskih resursa \u017deljko Ri\u010dka Konsultant za finansijska pitanja","og_url":"https:\/\/lykosbalkanmetals.com\/bs\/pages__trashed\/team\/savjetodavni-odbor\/","og_site_name":"Lykos Balkan Metals","article_modified_time":"2022-09-30T10:01:45+00:00","og_image":[{"width":1920,"height":1080,"url":"https:\/\/lykosbalkanmetals.com\/wp-content\/uploads\/2021\/12\/asian-businessmen-businesswomen-meeting-brainstorming-ideas-about-creative-web-design-planning-application-develop1111.jpg","type":"image\/jpeg"}],"twitter_card":"summary_large_image","schema":{"@context":"https:\/\/schema.org","@graph":[{"@type":"WebPage","@id":"https:\/\/lykosbalkanmetals.com\/pages__trashed\/team\/savjetodavni-odbor\/","url":"https:\/\/lykosbalkanmetals.com\/pages__trashed\/team\/savjetodavni-odbor\/","name":"Savjetodavni odbor - Lykos Balkan Metals","isPartOf":{"@id":"https:\/\/lykosbalkanmetals.com\/#website"},"datePublished":"2022-07-28T08:40:30+00:00","dateModified":"2022-09-30T10:01:45+00:00","breadcrumb":{"@id":"https:\/\/lykosbalkanmetals.com\/pages__trashed\/team\/savjetodavni-odbor\/#breadcrumb"},"inLanguage":"bs-BA","potentialAction":[{"@type":"ReadAction","target":["https:\/\/lykosbalkanmetals.com\/pages__trashed\/team\/savjetodavni-odbor\/"]}]},{"@type":"BreadcrumbList","@id":"https:\/\/lykosbalkanmetals.com\/pages__trashed\/team\/savjetodavni-odbor\/#breadcrumb","itemListElement":[{"@type":"ListItem","position":1,"name":"Home","item":"https:\/\/lykosbalkanmetals.com\/"},{"@type":"ListItem","position":2,"name":"Team","item":"https:\/\/lykosbalkanmetals.com\/pages__trashed\/team\/"},{"@type":"ListItem","position":3,"name":"Savjetodavni odbor"}]},{"@type":"WebSite","@id":"https:\/\/lykosbalkanmetals.com\/#website","url":"https:\/\/lykosbalkanmetals.com\/","name":"Lykos Balkan Metals","description":"Geolo\u0161ka istra\u017eivanja metala","publisher":{"@id":"https:\/\/lykosbalkanmetals.com\/#organization"},"potentialAction":[{"@type":"SearchAction","target":{"@type":"EntryPoint","urlTemplate":"https:\/\/lykosbalkanmetals.com\/?s={search_term_string}"},"query-input":"required name=search_term_string"}],"inLanguage":"bs-BA"},{"@type":"Organization","@id":"https:\/\/lykosbalkanmetals.com\/#organization","name":"Lykos Balkan Metals","url":"https:\/\/lykosbalkanmetals.com\/","logo":{"@type":"ImageObject","inLanguage":"bs-BA","@id":"https:\/\/lykosbalkanmetals.com\/#\/schema\/logo\/image\/","url":"https:\/\/lykosbalkanmetals.com\/wp-content\/uploads\/2021\/12\/Asset-3.png","contentUrl":"https:\/\/lykosbalkanmetals.com\/wp-content\/uploads\/2021\/12\/Asset-3.png","width":50,"height":51,"caption":"Lykos Balkan Metals"},"image":{"@id":"https:\/\/lykosbalkanmetals.com\/#\/schema\/logo\/image\/"}}]}},"_links":{"self":[{"href":"https:\/\/lykosbalkanmetals.com\/bs\/wp-json\/wp\/v2\/pages\/50777"}],"collection":[{"href":"https:\/\/lykosbalkanmetals.com\/bs\/wp-json\/wp\/v2\/pages"}],"about":[{"href":"https:\/\/lykosbalkanmetals.com\/bs\/wp-json\/wp\/v2\/types\/page"}],"author":[{"embeddable":true,"href":"https:\/\/lykosbalkanmetals.com\/bs\/wp-json\/wp\/v2\/users\/1"}],"replies":[{"embeddable":true,"href":"https:\/\/lykosbalkanmetals.com\/bs\/wp-json\/wp\/v2\/comments?post=50777"}],"version-history":[{"count":52,"href":"https:\/\/lykosbalkanmetals.com\/bs\/wp-json\/wp\/v2\/pages\/50777\/revisions"}],"predecessor-version":[{"id":51206,"href":"https:\/\/lykosbalkanmetals.com\/bs\/wp-json\/wp\/v2\/pages\/50777\/revisions\/51206"}],"up":[{"embeddable":true,"href":"https:\/\/lykosbalkanmetals.com\/bs\/wp-json\/wp\/v2\/pages\/7453"}],"wp:featuredmedia":[{"embeddable":true,"href":"https:\/\/lykosbalkanmetals.com\/bs\/wp-json\/wp\/v2\/media\/50231"}],"wp:attachment":[{"href":"https:\/\/lykosbalkanmetals.com\/bs\/wp-json\/wp\/v2\/media?parent=50777"}],"curies":[{"name":"wp","href":"https:\/\/api.w.org\/{rel}","templated":true}]}}